{"id":142,"date":"2017-05-11T15:09:05","date_gmt":"2017-05-11T13:09:05","guid":{"rendered":"https:\/\/supplychain.risk-quickcheck.de\/?page_id=142"},"modified":"2017-05-25T12:21:47","modified_gmt":"2017-05-25T10:21:47","slug":"about","status":"publish","type":"page","link":"https:\/\/supplychain.risk-quickcheck.de\/de\/about\/","title":{"rendered":"<span style=\"position:absolute;left:50%;margin-right: -50%;transform: translate(-50%, -50%)\">Supply Chain QuickCheck<\/span>"},"content":{"rendered":"<p>Der Supply Chain Quick Check ist ein Tool zur Unterst\u00fctzung des Risiko-Management entlang der Supply Chain. Ziel ist es, schnell, verl\u00e4sslich und mit \u00fcberschaubarem Input Informationsgrundlagen f\u00fcr Entscheidungsprozesse zu schaffen. Der Quick Check bietet eine schnelle und kostenfreie Alternative zu bestehenden, kommerziellen L\u00f6sungen. Er basiert auf der Idee, dass sich die Hauptrisikoquellen entlang der Supply Chain sich in umwelt-, industrie- und unternehmensbezogene einteilen lassen. Er besteht daher aus drei Modulen:<\/p>\n<ul>\n<li><b>Modul 1:\u00a0<\/b>Geo-politische Risiken beinhalten solche Risikogruppen, die \u00fcber Branchengrenzen hinweg Einfluss aus\u00fcben. Hierzu geh\u00f6ren z.B. politische Risiken, die Gefahr von Naturkatastrophen, die makro\u00f6konomische Entwicklung von Volkswirtschaften, sowie die Entwicklung sozialen Faktoren und Infrastruktur.<\/li>\n<li><b>Modul 2:\u00a0<\/b>Industrierisiken umfassen Risikogruppen die gesamte Branchen betreffen. Hierzu geh\u00f6ren Risiken in der Beschaffung, der Nachfrage und im Wettbewerbsgef\u00fcge in der Branche.<\/li>\n<li><b>Modul 3:\u00a0<\/b>Unternehmensspezifische Risiken firmenspezifisch. Sie umfassen z.B.Risiken in den operative Prozessen, sowie IT-Risiken, sowie die Risiken in der Transportkette.<\/li>\n<\/ul>\n<p><img loading=\"lazy\" class=\"aligncenter wp-image-137\" src=\"https:\/\/supplychain.risk-quickcheck.de\/wp-content\/uploads\/2017\/01\/modules_architecture_eng.png\" alt=\"\" width=\"603\" height=\"333\" \/><\/p>\n<h3>ANWENDUNG<\/h3>\n<p>Der Supply Chain Quick Check bietet kleinen und mittelst\u00e4ndischen Unternehmen (KMU) die M\u00f6glichkeit, sich schnell und unabh\u00e4ngig einen \u00dcberblick \u00fcber die Risiken in ihrer Supply Chain zu verschaffen und Gegenma\u00dfnahmen zu bewerten. Die bereitgestellten Informationen k\u00f6nnen auch f\u00fcr andere Stakeholder, z.B. Logistikdienstleiter, sowie f\u00fcr Forschende und Studierende eine wertvolle Ausgangsbasis darstellen.<\/p>\n<ul>\n<li><b>Kleine und mittelst\u00e4ndische Unternehmen <\/b>erhalten Transparenz \u00fcber ihre Supply-Chain Risiken, als Basis f\u00fcr weitere Diskussionen und zur Entwicklung ma\u00dfgeschneiderter Abstell- und Gegenma\u00dfnahmen<\/li>\n<li><b>Logistikdienstleister <\/b>werden in die Lage versetzt, die Risiko-Situation und Anforderungen ihrer Kunden besser zu verstehen und k\u00f6nnen sich aktiv in die Weiterentwicklung der Supply Chain ihrer Kunden einbringen.<\/li>\n<li><b>Forschende und Studierende <\/b>erhalten Zugriff auf eine Datenbank und Methodik zur Analyse von Risiko-Informationen und die M\u00f6glichkeit, sich schnell (z.B. vor Job-Interviews) einen Eindruck von einer Supply Chain zu verschaffen.<\/li>\n<\/ul>\n<p><\/p>","protected":false},"excerpt":{"rendered":"<p>Der Supply Chain Quick Check ist ein Tool zur Unterst\u00fctzung des Risiko-Management entlang der Supply Chain. Ziel ist es, schnell, verl\u00e4sslich und mit \u00fcberschaubarem Input Informationsgrundlagen f\u00fcr Entscheidungsprozesse zu schaffen. &#8230;<\/p>\n","protected":false},"author":1,"featured_media":0,"parent":0,"menu_order":0,"comment_status":"closed","ping_status":"closed","template":"","meta":[],"_links":{"self":[{"href":"https:\/\/supplychain.risk-quickcheck.de\/de\/wp-json\/wp\/v2\/pages\/142"}],"collection":[{"href":"https:\/\/supplychain.risk-quickcheck.de\/de\/wp-json\/wp\/v2\/pages"}],"about":[{"href":"https:\/\/supplychain.risk-quickcheck.de\/de\/wp-json\/wp\/v2\/types\/page"}],"author":[{"embeddable":true,"href":"https:\/\/supplychain.risk-quickcheck.de\/de\/wp-json\/wp\/v2\/users\/1"}],"replies":[{"embeddable":true,"href":"https:\/\/supplychain.risk-quickcheck.de\/de\/wp-json\/wp\/v2\/comments?post=142"}],"version-history":[{"count":9,"href":"https:\/\/supplychain.risk-quickcheck.de\/de\/wp-json\/wp\/v2\/pages\/142\/revisions"}],"predecessor-version":[{"id":159,"href":"https:\/\/supplychain.risk-quickcheck.de\/de\/wp-json\/wp\/v2\/pages\/142\/revisions\/159"}],"wp:attachment":[{"href":"https:\/\/supplychain.risk-quickcheck.de\/de\/wp-json\/wp\/v2\/media?parent=142"}],"curies":[{"name":"wp","href":"https:\/\/api.w.org\/{rel}","templated":true}]}}