{"id":75,"date":"2017-01-23T17:30:13","date_gmt":"2017-01-23T16:30:13","guid":{"rendered":"https:\/\/supplychain.risk-quickcheck.de\/?page_id=75"},"modified":"2017-01-23T17:32:11","modified_gmt":"2017-01-23T16:32:11","slug":"frequently-asked-questions","status":"publish","type":"page","link":"https:\/\/supplychain.risk-quickcheck.de\/de\/frequently-asked-questions\/","title":{"rendered":"<span style=\"position:absolute;left:50%;margin-right: -50%;transform: translate(-50%, -50%)\">FAQs<\/span>"},"content":{"rendered":"<div class='ufaq-faq-list' id='ufaq-faq-list'><style>  <\/style><style>.ewd-ufaq-post-margin-symbol { }\n.ewd-ufaq-post-margin-symbol span { }\n.ufaq-faq-display-style-Block.ewd-ufaq-post-active, .ufaq-faq-display-style-Block.ewd-ufaq-post-active a,.ufaq-faq-display-style-Block:hover, .ufaq-faq-display-style-Block:hover a, .ufaq-faq-display-style-Block:hover h4 { }\n.ufaq-faq-display-style-Border_Block.ewd-ufaq-post-active, .ufaq-faq-display-style-Border_Block:hover, .ufaq-faq-display-style-Border_Block:hover h1, .ufaq-faq-display-style-Border_Block:hover h2, .ufaq-faq-display-style-Border_Block:hover h3, .ufaq-faq-display-style-Border_Block:hover h4, .ufaq-faq-display-style-Border_Block:hover h5, .ufaq-faq-display-style-Border_Block:hover h6 { }\n.ufaq-faq-display-style-Border_Block .ufaq-faq-body { }\n.ufaq-faq-display-style-Border_Block .comment-reply-title, .ufaq-faq-display-style-Border_Block:hover .comment-reply-title { background-color: transparent !important;}\ndiv.ufaq-faq-category-title h4 h4 { }\n.ufaq-faq-header-title a{ }\ndiv.ufaq-faq-title h4 { }\n.ewd-ufaq-post-margin-symbol { }\ndiv.ufaq-faq-post p { }\ndiv.ufaq-faq-body, .ufaq-faq-display-style-Border_Block .ufaq-faq-body { }\ndiv.ewd-ufaq-author-date { }\ndiv.ufaq-faq-categories, div.ufaq-faq-tags { }\n<\/style><script language='JavaScript' type='text\/javascript'>var faq_accordion = false;var faq_scroll = false;var reveal_effect = 'none';<\/script><div class='ewd-ufaq-faqs'><div class='ufaq-faq-div ufaq-faq-column-count-One ufaq-faq-responsive-columns- ufaq-faq-display-style-Default' id='ufaq-post-epT-177-0' data-postid='epT-177-0'><div class='ufaq-faq-title ufaq-faq-toggle' id='ufaq-title-177' data-postid='epT-177-0'><a class='ewd-ufaq-post-margin'  href='https:\/\/supplychain.risk-quickcheck.de\/de\/ufaqs\/why-does-the-quick-check-exist\/'><div class='ewd-ufaq-post-margin-symbol ' id='ewd-ufaq-post-margin-symbol-epT-177-0'><span id='ewd-ufaq-post-symbol-epT-177-0'>a<\/span><\/div><div class='ufaq-faq-title-text'><h4>Warum gib es diese Website?<\/h4><\/div><div class='ewd-ufaq-clear'><\/div><\/a><\/div><div class='ufaq-faq-body ufaq-body-177 ewd-ufaq-hidden' id='ufaq-body-epT-177-0'><div class='ewd-ufaq-post-margin ufaq-faq-post' id='ufaq-post-177'><p>Unternehmen sind mit einer Vielzahl von unterschiedlichen Risiken entlang ihrer Lieferketten konfrontiert. M\u00f6gliche resultierende Lieferkettenst\u00f6rungen k\u00f6nnen zu hohe Kosten und Umsatzverlusten f\u00fcr alle beteiligten Unternehmen f\u00fchren. Die Vielfalt der komplexen und globalen Risiken erfordert eine effiziente Risikobewertung. Mit dem Quick Check k\u00f6nnen Unternehmen ihre Lieferkette unter verschiedenen Risiko-Gesichtspunkten bewerten. Die effiziente Risikoidentifikation erlaubt eine zielgerichtete Risikopr\u00e4vention. Sowohl Unternehmensrisiken als auch Branchen- und Umweltrisiken der Lieferkette k\u00f6nnen analysiert werden. Mit dem Online-Tool k\u00f6nnen sowohl Gro\u00dfunternehmen als auch Mittelst\u00e4ndler ihre aktuellen und potenziellen Lieferketten sowie Standorte bewerten. Auch Logistikdienstleister k\u00f6nnen wichtige Informationen f\u00fcr ma\u00dfgeschneiderte Kundenservices gewinnen. Der Quick Check wurde von der Jacobs University Bremen entwickelt und durch die Funk Stiftung gef\u00f6rdert.<br \/>\nEbenfalls zum Thema Risikomanagement in Lieferketten wurde eine Studie von der Jacobs University Bremen ver\u00f6ffentlicht. Diese wurde ebenfalls von der Funk Stiftung gef\u00f6rdert. Die Studie ist unter diesem Link zu finden: <a href=\"http:\/\/bit.ly\/2vfnVlX\">http:\/\/bit.ly\/2vfnVlX<\/a><\/p>\n<\/div><\/div><\/div><div class='ufaq-faq-div ufaq-faq-column-count-One ufaq-faq-responsive-columns- ufaq-faq-display-style-Default' id='ufaq-post-epT-176-1' data-postid='epT-176-1'><div class='ufaq-faq-title ufaq-faq-toggle' id='ufaq-title-176' data-postid='epT-176-1'><a class='ewd-ufaq-post-margin'  href='https:\/\/supplychain.risk-quickcheck.de\/de\/ufaqs\/will-my-data-be-stored\/'><div class='ewd-ufaq-post-margin-symbol ' id='ewd-ufaq-post-margin-symbol-epT-176-1'><span id='ewd-ufaq-post-symbol-epT-176-1'>a<\/span><\/div><div class='ufaq-faq-title-text'><h4>Werden meine eingegebenen Daten gespeichert?<\/h4><\/div><div class='ewd-ufaq-clear'><\/div><\/a><\/div><div class='ufaq-faq-body ufaq-body-176 ewd-ufaq-hidden' id='ufaq-body-epT-176-1'><div class='ewd-ufaq-post-margin ufaq-faq-post' id='ufaq-post-176'><p>Alle Daten werden nur bei Ihnen lokal gespeichert. Somit bleiben Ihre Eingaben anonym. Zwischenst\u00e4nde m\u00fcssen aber somit aktiv zwischengespeichert werden.<\/p>\n<\/div><\/div><\/div><div class='ufaq-faq-div ufaq-faq-column-count-One ufaq-faq-responsive-columns- ufaq-faq-display-style-Default' id='ufaq-post-epT-175-2' data-postid='epT-175-2'><div class='ufaq-faq-title ufaq-faq-toggle' id='ufaq-title-175' data-postid='epT-175-2'><a class='ewd-ufaq-post-margin'  href='https:\/\/supplychain.risk-quickcheck.de\/de\/ufaqs\/is-the-quick-check-free-of-charge\/'><div class='ewd-ufaq-post-margin-symbol ' id='ewd-ufaq-post-margin-symbol-epT-175-2'><span id='ewd-ufaq-post-symbol-epT-175-2'>a<\/span><\/div><div class='ufaq-faq-title-text'><h4>Kann ich diese Website kostenlos nutzen?<\/h4><\/div><div class='ewd-ufaq-clear'><\/div><\/a><\/div><div class='ufaq-faq-body ufaq-body-175 ewd-ufaq-hidden' id='ufaq-body-epT-175-2'><div class='ewd-ufaq-post-margin ufaq-faq-post' id='ufaq-post-175'><p>Ja, die Nutzung des Quick Checks ist f\u00fcr alle kostenlos. Auch die Auswertungen k\u00f6nnen kostenfrei herunterladen werden.<\/p>\n<\/div><\/div><\/div><\/div><\/div><div class='ewd-ufaq-bottom ewd-ufaq-page-type-Load_More' data-currentpage='0'><form><input type='hidden' name='include_category' value='' id='ufaq-include-category' \/><input type='hidden' name='exclude_category' value='' id='ufaq-exclude-category' \/><input type='hidden' name='orderby' value='date' id='ufaq-orderby' \/><input type='hidden' name='order' value='DESC' id='ufaq-order' \/><input type='hidden' name='post_count' value='-1' id='ufaq-post-count' \/><input type='hidden' name='current_url' value='\/de\/wp-json\/wp\/v2\/pages\/75' id='ufaq-current-url' \/><\/form><div class='ewd-ufaq-load-more ewd-ufaq-hidden'><h4>Load More<\/h4><\/div><\/div>\n","protected":false},"excerpt":{"rendered":"","protected":false},"author":1,"featured_media":0,"parent":0,"menu_order":0,"comment_status":"closed","ping_status":"closed","template":"","meta":[],"_links":{"self":[{"href":"https:\/\/supplychain.risk-quickcheck.de\/de\/wp-json\/wp\/v2\/pages\/75"}],"collection":[{"href":"https:\/\/supplychain.risk-quickcheck.de\/de\/wp-json\/wp\/v2\/pages"}],"about":[{"href":"https:\/\/supplychain.risk-quickcheck.de\/de\/wp-json\/wp\/v2\/types\/page"}],"author":[{"embeddable":true,"href":"https:\/\/supplychain.risk-quickcheck.de\/de\/wp-json\/wp\/v2\/users\/1"}],"replies":[{"embeddable":true,"href":"https:\/\/supplychain.risk-quickcheck.de\/de\/wp-json\/wp\/v2\/comments?post=75"}],"version-history":[{"count":2,"href":"https:\/\/supplychain.risk-quickcheck.de\/de\/wp-json\/wp\/v2\/pages\/75\/revisions"}],"predecessor-version":[{"id":78,"href":"https:\/\/supplychain.risk-quickcheck.de\/de\/wp-json\/wp\/v2\/pages\/75\/revisions\/78"}],"wp:attachment":[{"href":"https:\/\/supplychain.risk-quickcheck.de\/de\/wp-json\/wp\/v2\/media?parent=75"}],"curies":[{"name":"wp","href":"https:\/\/api.w.org\/{rel}","templated":true}]}}